{"id":2494,"date":"2026-03-31T07:42:11","date_gmt":"2026-03-31T07:42:11","guid":{"rendered":"https:\/\/lawngreen-goldfinch-758943.hostingersite.com\/?post_type=product&#038;p=2494"},"modified":"2026-03-31T07:43:43","modified_gmt":"2026-03-31T07:43:43","slug":"huile-essentielle-de-romarin","status":"publish","type":"product","link":"https:\/\/tudert.store\/?product=huile-essentielle-de-romarin","title":{"rendered":"Huile Essentielle de Romarin"},"content":{"rendered":"<p data-start=\"406\" data-end=\"651\"><strong data-start=\"406\" data-end=\"651\">D\u00e9couvrez notre Huile Essentielle de Romarin, un produit naturel appr\u00e9ci\u00e9 pour son parfum v\u00e9g\u00e9tal frais et son caract\u00e8re authentique. Inspir\u00e9e du terroir marocain, elle s\u2019int\u00e8gre parfaitement dans une routine bien-\u00eatre raffin\u00e9e et naturelle.<\/strong><\/p>\n<p data-start=\"653\" data-end=\"910\"><strong data-start=\"653\" data-end=\"910\">Son ar\u00f4me aromatique et vivifiant en fait une huile essentielle id\u00e9ale pour cr\u00e9er une ambiance agr\u00e9able et accompagner vos moments de d\u00e9tente. Soigneusement s\u00e9lectionn\u00e9e, elle refl\u00e8te une approche simple, \u00e9l\u00e9gante et naturelle du bien-\u00eatre au quotidien.<\/strong><\/p>\n<p data-start=\"912\" data-end=\"1136\"><strong data-start=\"912\" data-end=\"1136\">Chez Tudert, nous mettons en valeur des produits inspir\u00e9s du savoir-faire local et de la richesse naturelle du Maroc. Cette huile essentielle de romarin refl\u00e8te une identit\u00e9 authentique, rassurante et premium accessible.<\/strong><\/p>\n<p data-start=\"1138\" data-end=\"1156\"><strong data-start=\"1138\" data-end=\"1156\">Points forts :<\/strong><\/p>\n<ul data-start=\"1157\" data-end=\"1322\">\n<li data-section-id=\"hluhpj\" data-start=\"1157\" data-end=\"1187\">Parfum frais et aromatique<\/li>\n<li data-section-id=\"b9rg2g\" data-start=\"1188\" data-end=\"1225\">Id\u00e9ale pour une routine bien-\u00eatre<\/li>\n<li data-section-id=\"1ayst5c\" data-start=\"1226\" data-end=\"1256\">Produit naturel et raffin\u00e9<\/li>\n<li data-section-id=\"yd3j3v\" data-start=\"1257\" data-end=\"1289\">Inspir\u00e9e du terroir marocain<\/li>\n<li data-section-id=\"o453gw\" data-start=\"1290\" data-end=\"1322\">Format pratique au quotidien<\/li>\n<\/ul>\n<p data-start=\"1324\" data-end=\"1436\"><strong data-start=\"1324\" data-end=\"1352\">Conseils d\u2019utilisation :<\/strong><br data-start=\"1352\" data-end=\"1355\" \/>\u00c0 utiliser selon l\u2019usage recommand\u00e9, en diffusion ou dilu\u00e9e pour un usage adapt\u00e9.<\/p>\n<p data-start=\"1438\" data-end=\"1534\"><strong data-start=\"1438\" data-end=\"1468\">Conseils de conservation :<\/strong><br data-start=\"1468\" data-end=\"1471\" \/>Conserver dans un endroit frais, sec et \u00e0 l\u2019abri de la lumi\u00e8re.<\/p>\n","protected":false},"excerpt":{"rendered":"<p>Huile essentielle naturelle au parfum frais et aromatique, id\u00e9ale pour accompagner une routine bien-\u00eatre simple et authentique.<\/p>\n","protected":false},"featured_media":2356,"comment_status":"open","ping_status":"closed","template":"","meta":{"site-sidebar-layout":"default","site-content-layout":"","ast-site-content-layout":"default","site-content-style":"default","site-sidebar-style":"default","ast-global-header-display":"","ast-banner-title-visibility":"","ast-main-header-display":"","ast-hfb-above-header-display":"","ast-hfb-below-header-display":"","ast-hfb-mobile-header-display":"","site-post-title":"","ast-breadcrumbs-content":"","ast-featured-img":"","footer-sml-layout":"","ast-disable-related-posts":"","theme-transparent-header-meta":"default","adv-header-id-meta":"","stick-header-meta":"","header-above-stick-meta":"","header-main-stick-meta":"","header-below-stick-meta":"","astra-migrate-meta-layouts":"set","ast-page-background-enabled":"default","ast-page-background-meta":{"desktop":{"background-color":"","background-image":"","background-repeat":"repeat","background-position":"center center","background-size":"auto","background-attachment":"scroll","background-type":"","background-media":"","overlay-type":"","overlay-color":"","overlay-opacity":"","overlay-gradient":""},"tablet":{"background-color":"","background-image":"","background-repeat":"repeat","background-position":"center center","background-size":"auto","background-attachment":"scroll","background-type":"","background-media":"","overlay-type":"","overlay-color":"","overlay-opacity":"","overlay-gradient":""},"mobile":{"background-color":"","background-image":"","background-repeat":"repeat","background-position":"center center","background-size":"auto","background-attachment":"scroll","background-type":"","background-media":"","overlay-type":"","overlay-color":"","overlay-opacity":"","overlay-gradient":""}},"ast-content-background-meta":{"desktop":{"background-color":"var(--ast-global-color-5)","background-image":"","background-repeat":"repeat","background-position":"center center","background-size":"auto","background-attachment":"scroll","background-type":"","background-media":"","overlay-type":"","overlay-color":"","overlay-opacity":"","overlay-gradient":""},"tablet":{"background-color":"var(--ast-global-color-5)","background-image":"","background-repeat":"repeat","background-position":"center center","background-size":"auto","background-attachment":"scroll","background-type":"","background-media":"","overlay-type":"","overlay-color":"","overlay-opacity":"","overlay-gradient":""},"mobile":{"background-color":"var(--ast-global-color-5)","background-image":"","background-repeat":"repeat","background-position":"center center","background-size":"auto","background-attachment":"scroll","background-type":"","background-media":"","overlay-type":"","overlay-color":"","overlay-opacity":"","overlay-gradient":""}}},"product_brand":[],"product_cat":[48],"product_tag":[97,74,98,94,95,56,52,96],"class_list":{"0":"post-2494","1":"product","2":"type-product","3":"status-publish","4":"has-post-thumbnail","6":"product_cat-huiles-essentielles-extraits","7":"product_tag-aromatherapie","8":"product_tag-bien-etre","9":"product_tag-extrait-naturel","10":"product_tag-huile-essentielle","11":"product_tag-huile-essentielle-de-romarin","12":"product_tag-produit-marocain","13":"product_tag-produit-naturel","14":"product_tag-romarin","15":"desktop-align-left","16":"tablet-align-left","17":"mobile-align-left","19":"first","20":"instock","21":"sale","22":"featured","23":"taxable","24":"shipping-taxable","25":"purchasable","26":"product-type-simple"},"yoast_head":"<!-- This site is optimized with the Yoast SEO plugin v27.2 - https:\/\/yoast.com\/product\/yoast-seo-wordpress\/ -->\n<title>Huile Essentielle de Romarin - Tudert<\/title>\n<meta name=\"description\" content=\"D\u00e9couvrez notre huile essentielle de romarin, un produit naturel au parfum frais et aromatique, id\u00e9al pour accompagner votre routine bien-\u00eatre.\" \/>\n<meta name=\"robots\" content=\"index, follow, max-snippet:-1, max-image-preview:large, max-video-preview:-1\" \/>\n<link rel=\"canonical\" href=\"https:\/\/tudert.store\/?product=huile-essentielle-de-romarin\" \/>\n<meta property=\"og:locale\" content=\"fr_FR\" \/>\n<meta property=\"og:type\" content=\"article\" \/>\n<meta property=\"og:title\" content=\"Huile Essentielle de Romarin - Tudert\" \/>\n<meta property=\"og:description\" content=\"D\u00e9couvrez notre huile essentielle de romarin, un produit naturel au parfum frais et aromatique, id\u00e9al pour accompagner votre routine bien-\u00eatre.\" \/>\n<meta property=\"og:url\" content=\"https:\/\/tudert.store\/?product=huile-essentielle-de-romarin\" \/>\n<meta property=\"og:site_name\" content=\"Tudert\" \/>\n<meta property=\"article:modified_time\" content=\"2026-03-31T07:43:43+00:00\" \/>\n<meta property=\"og:image\" content=\"https:\/\/tudert.store\/wp-content\/uploads\/2026\/03\/ChatGPT-Image-Mar-29-2026-02_12_48-AM.png\" \/>\n\t<meta property=\"og:image:width\" content=\"1024\" \/>\n\t<meta property=\"og:image:height\" content=\"1024\" \/>\n\t<meta property=\"og:image:type\" content=\"image\/png\" \/>\n<meta name=\"twitter:card\" content=\"summary_large_image\" \/>\n<meta name=\"twitter:label1\" content=\"Dur\u00e9e de lecture estim\u00e9e\" \/>\n\t<meta name=\"twitter:data1\" content=\"1 minute\" \/>\n<script type=\"application\/ld+json\" class=\"yoast-schema-graph\">{\"@context\":\"https:\/\/schema.org\",\"@graph\":[{\"@type\":\"WebPage\",\"@id\":\"https:\/\/tudert.store\/?product=huile-essentielle-de-romarin\",\"url\":\"https:\/\/tudert.store\/?product=huile-essentielle-de-romarin\",\"name\":\"Huile Essentielle de Romarin - Tudert\",\"isPartOf\":{\"@id\":\"https:\/\/tudert.store\/#website\"},\"primaryImageOfPage\":{\"@id\":\"https:\/\/tudert.store\/?product=huile-essentielle-de-romarin#primaryimage\"},\"image\":{\"@id\":\"https:\/\/tudert.store\/?product=huile-essentielle-de-romarin#primaryimage\"},\"thumbnailUrl\":\"https:\/\/tudert.store\/wp-content\/uploads\/2026\/03\/ChatGPT-Image-Mar-29-2026-02_12_48-AM.png\",\"datePublished\":\"2026-03-31T07:42:11+00:00\",\"dateModified\":\"2026-03-31T07:43:43+00:00\",\"description\":\"D\u00e9couvrez notre huile essentielle de romarin, un produit naturel au parfum frais et aromatique, id\u00e9al pour accompagner votre routine bien-\u00eatre.\",\"breadcrumb\":{\"@id\":\"https:\/\/tudert.store\/?product=huile-essentielle-de-romarin#breadcrumb\"},\"inLanguage\":\"fr-FR\",\"potentialAction\":[{\"@type\":\"ReadAction\",\"target\":[\"https:\/\/tudert.store\/?product=huile-essentielle-de-romarin\"]}]},{\"@type\":\"ImageObject\",\"inLanguage\":\"fr-FR\",\"@id\":\"https:\/\/tudert.store\/?product=huile-essentielle-de-romarin#primaryimage\",\"url\":\"https:\/\/tudert.store\/wp-content\/uploads\/2026\/03\/ChatGPT-Image-Mar-29-2026-02_12_48-AM.png\",\"contentUrl\":\"https:\/\/tudert.store\/wp-content\/uploads\/2026\/03\/ChatGPT-Image-Mar-29-2026-02_12_48-AM.png\",\"width\":1024,\"height\":1024,\"caption\":\"chatgpt image mar 29, 2026, 02 12 48 am\"},{\"@type\":\"BreadcrumbList\",\"@id\":\"https:\/\/tudert.store\/?product=huile-essentielle-de-romarin#breadcrumb\",\"itemListElement\":[{\"@type\":\"ListItem\",\"position\":1,\"name\":\"Accueil\",\"item\":\"https:\/\/tudert.store\/\"},{\"@type\":\"ListItem\",\"position\":2,\"name\":\"Shop\",\"item\":\"https:\/\/lawngreen-goldfinch-758943.hostingersite.com\/?page_id=328\"},{\"@type\":\"ListItem\",\"position\":3,\"name\":\"Huile Essentielle de Romarin\"}]},{\"@type\":\"WebSite\",\"@id\":\"https:\/\/tudert.store\/#website\",\"url\":\"https:\/\/tudert.store\/\",\"name\":\"Tudert\",\"description\":\"\",\"publisher\":{\"@id\":\"https:\/\/tudert.store\/#organization\"},\"potentialAction\":[{\"@type\":\"SearchAction\",\"target\":{\"@type\":\"EntryPoint\",\"urlTemplate\":\"https:\/\/tudert.store\/?s={search_term_string}\"},\"query-input\":{\"@type\":\"PropertyValueSpecification\",\"valueRequired\":true,\"valueName\":\"search_term_string\"}}],\"inLanguage\":\"fr-FR\"},{\"@type\":\"Organization\",\"@id\":\"https:\/\/tudert.store\/#organization\",\"name\":\"Tudert\",\"url\":\"https:\/\/tudert.store\/\",\"logo\":{\"@type\":\"ImageObject\",\"inLanguage\":\"fr-FR\",\"@id\":\"https:\/\/tudert.store\/#\/schema\/logo\/image\/\",\"url\":\"https:\/\/tudert.store\/wp-content\/uploads\/2026\/03\/LOGO-AL-KARAMA-3.png\",\"contentUrl\":\"https:\/\/tudert.store\/wp-content\/uploads\/2026\/03\/LOGO-AL-KARAMA-3.png\",\"width\":2000,\"height\":2000,\"caption\":\"Tudert\"},\"image\":{\"@id\":\"https:\/\/tudert.store\/#\/schema\/logo\/image\/\"}}]}<\/script>\n<!-- \/ Yoast SEO plugin. -->","yoast_head_json":{"title":"Huile Essentielle de Romarin - Tudert","description":"D\u00e9couvrez notre huile essentielle de romarin, un produit naturel au parfum frais et aromatique, id\u00e9al pour accompagner votre routine bien-\u00eatre.","robots":{"index":"index","follow":"follow","max-snippet":"max-snippet:-1","max-image-preview":"max-image-preview:large","max-video-preview":"max-video-preview:-1"},"canonical":"https:\/\/tudert.store\/?product=huile-essentielle-de-romarin","og_locale":"fr_FR","og_type":"article","og_title":"Huile Essentielle de Romarin - Tudert","og_description":"D\u00e9couvrez notre huile essentielle de romarin, un produit naturel au parfum frais et aromatique, id\u00e9al pour accompagner votre routine bien-\u00eatre.","og_url":"https:\/\/tudert.store\/?product=huile-essentielle-de-romarin","og_site_name":"Tudert","article_modified_time":"2026-03-31T07:43:43+00:00","og_image":[{"width":1024,"height":1024,"url":"https:\/\/tudert.store\/wp-content\/uploads\/2026\/03\/ChatGPT-Image-Mar-29-2026-02_12_48-AM.png","type":"image\/png"}],"twitter_card":"summary_large_image","twitter_misc":{"Dur\u00e9e de lecture estim\u00e9e":"1 minute"},"schema":{"@context":"https:\/\/schema.org","@graph":[{"@type":"WebPage","@id":"https:\/\/tudert.store\/?product=huile-essentielle-de-romarin","url":"https:\/\/tudert.store\/?product=huile-essentielle-de-romarin","name":"Huile Essentielle de Romarin - Tudert","isPartOf":{"@id":"https:\/\/tudert.store\/#website"},"primaryImageOfPage":{"@id":"https:\/\/tudert.store\/?product=huile-essentielle-de-romarin#primaryimage"},"image":{"@id":"https:\/\/tudert.store\/?product=huile-essentielle-de-romarin#primaryimage"},"thumbnailUrl":"https:\/\/tudert.store\/wp-content\/uploads\/2026\/03\/ChatGPT-Image-Mar-29-2026-02_12_48-AM.png","datePublished":"2026-03-31T07:42:11+00:00","dateModified":"2026-03-31T07:43:43+00:00","description":"D\u00e9couvrez notre huile essentielle de romarin, un produit naturel au parfum frais et aromatique, id\u00e9al pour accompagner votre routine bien-\u00eatre.","breadcrumb":{"@id":"https:\/\/tudert.store\/?product=huile-essentielle-de-romarin#breadcrumb"},"inLanguage":"fr-FR","potentialAction":[{"@type":"ReadAction","target":["https:\/\/tudert.store\/?product=huile-essentielle-de-romarin"]}]},{"@type":"ImageObject","inLanguage":"fr-FR","@id":"https:\/\/tudert.store\/?product=huile-essentielle-de-romarin#primaryimage","url":"https:\/\/tudert.store\/wp-content\/uploads\/2026\/03\/ChatGPT-Image-Mar-29-2026-02_12_48-AM.png","contentUrl":"https:\/\/tudert.store\/wp-content\/uploads\/2026\/03\/ChatGPT-Image-Mar-29-2026-02_12_48-AM.png","width":1024,"height":1024,"caption":"chatgpt image mar 29, 2026, 02 12 48 am"},{"@type":"BreadcrumbList","@id":"https:\/\/tudert.store\/?product=huile-essentielle-de-romarin#breadcrumb","itemListElement":[{"@type":"ListItem","position":1,"name":"Accueil","item":"https:\/\/tudert.store\/"},{"@type":"ListItem","position":2,"name":"Shop","item":"https:\/\/lawngreen-goldfinch-758943.hostingersite.com\/?page_id=328"},{"@type":"ListItem","position":3,"name":"Huile Essentielle de Romarin"}]},{"@type":"WebSite","@id":"https:\/\/tudert.store\/#website","url":"https:\/\/tudert.store\/","name":"Tudert","description":"","publisher":{"@id":"https:\/\/tudert.store\/#organization"},"potentialAction":[{"@type":"SearchAction","target":{"@type":"EntryPoint","urlTemplate":"https:\/\/tudert.store\/?s={search_term_string}"},"query-input":{"@type":"PropertyValueSpecification","valueRequired":true,"valueName":"search_term_string"}}],"inLanguage":"fr-FR"},{"@type":"Organization","@id":"https:\/\/tudert.store\/#organization","name":"Tudert","url":"https:\/\/tudert.store\/","logo":{"@type":"ImageObject","inLanguage":"fr-FR","@id":"https:\/\/tudert.store\/#\/schema\/logo\/image\/","url":"https:\/\/tudert.store\/wp-content\/uploads\/2026\/03\/LOGO-AL-KARAMA-3.png","contentUrl":"https:\/\/tudert.store\/wp-content\/uploads\/2026\/03\/LOGO-AL-KARAMA-3.png","width":2000,"height":2000,"caption":"Tudert"},"image":{"@id":"https:\/\/tudert.store\/#\/schema\/logo\/image\/"}}]}},"_links":{"self":[{"href":"https:\/\/tudert.store\/index.php?rest_route=\/wp\/v2\/product\/2494","targetHints":{"allow":["GET"]}}],"collection":[{"href":"https:\/\/tudert.store\/index.php?rest_route=\/wp\/v2\/product"}],"about":[{"href":"https:\/\/tudert.store\/index.php?rest_route=\/wp\/v2\/types\/product"}],"replies":[{"embeddable":true,"href":"https:\/\/tudert.store\/index.php?rest_route=%2Fwp%2Fv2%2Fcomments&post=2494"}],"wp:featuredmedia":[{"embeddable":true,"href":"https:\/\/tudert.store\/index.php?rest_route=\/wp\/v2\/media\/2356"}],"wp:attachment":[{"href":"https:\/\/tudert.store\/index.php?rest_route=%2Fwp%2Fv2%2Fmedia&parent=2494"}],"wp:term":[{"taxonomy":"product_brand","embeddable":true,"href":"https:\/\/tudert.store\/index.php?rest_route=%2Fwp%2Fv2%2Fproduct_brand&post=2494"},{"taxonomy":"product_cat","embeddable":true,"href":"https:\/\/tudert.store\/index.php?rest_route=%2Fwp%2Fv2%2Fproduct_cat&post=2494"},{"taxonomy":"product_tag","embeddable":true,"href":"https:\/\/tudert.store\/index.php?rest_route=%2Fwp%2Fv2%2Fproduct_tag&post=2494"}],"curies":[{"name":"wp","href":"https:\/\/api.w.org\/{rel}","templated":true}]}}