{"id":2486,"date":"2026-03-31T07:22:38","date_gmt":"2026-03-31T07:22:38","guid":{"rendered":"https:\/\/lawngreen-goldfinch-758943.hostingersite.com\/?post_type=product&#038;p=2486"},"modified":"2026-03-31T07:43:50","modified_gmt":"2026-03-31T07:43:50","slug":"eau-florale-de-rose-naturelle","status":"publish","type":"product","link":"https:\/\/tudert.store\/?product=eau-florale-de-rose-naturelle","title":{"rendered":"Eau Florale de Rose Naturelle"},"content":{"rendered":"<p data-start=\"384\" data-end=\"617\"><strong data-start=\"384\" data-end=\"617\">D\u00e9couvrez notre Eau Florale de Rose Naturelle, un soin d\u00e9licat inspir\u00e9 des rituels de beaut\u00e9 naturels. Appr\u00e9ci\u00e9e pour sa fra\u00eecheur et sa douceur, elle accompagne parfaitement une routine quotidienne simple, \u00e9l\u00e9gante et apaisante.<\/strong><\/p>\n<p data-start=\"619\" data-end=\"879\"><strong data-start=\"619\" data-end=\"879\">L\u00e9g\u00e8re et agr\u00e9able \u00e0 utiliser, l\u2019eau florale de rose aide \u00e0 rafra\u00eechir la peau et \u00e0 lui apporter une sensation imm\u00e9diate de confort. Son parfum subtil et sa texture l\u00e9g\u00e8re en font un indispensable des soins naturels, \u00e0 utiliser \u00e0 tout moment de la journ\u00e9e.<\/strong><\/p>\n<p data-start=\"881\" data-end=\"1105\"><strong data-start=\"881\" data-end=\"1105\">Chez Tudert, nous mettons en valeur des produits naturels inspir\u00e9s du terroir marocain et du savoir-faire local. Cette eau florale de rose refl\u00e8te une approche douce, authentique et raffin\u00e9e du bien-\u00eatre et de la beaut\u00e9.<\/strong><\/p>\n<p data-start=\"1107\" data-end=\"1125\"><strong data-start=\"1107\" data-end=\"1125\">Points forts :<\/strong><\/p>\n<ul data-start=\"1126\" data-end=\"1311\">\n<li data-section-id=\"g87iku\" data-start=\"1126\" data-end=\"1159\">Rafra\u00eechit la peau en douceur<\/li>\n<li data-section-id=\"1mtjidd\" data-start=\"1160\" data-end=\"1196\">Apporte une sensation de confort<\/li>\n<li data-section-id=\"7qnk9a\" data-start=\"1197\" data-end=\"1241\">Id\u00e9ale pour une routine beaut\u00e9 naturelle<\/li>\n<li data-section-id=\"1jee5to\" data-start=\"1242\" data-end=\"1277\">Parfum floral l\u00e9ger et agr\u00e9able<\/li>\n<li data-section-id=\"t8xtac\" data-start=\"1278\" data-end=\"1311\">Convient \u00e0 un usage quotidien<\/li>\n<\/ul>\n<p data-start=\"1313\" data-end=\"1451\"><strong data-start=\"1313\" data-end=\"1341\">Conseils d\u2019utilisation :<\/strong><br data-start=\"1341\" data-end=\"1344\" \/>Vaporiser directement sur le visage ou le corps, puis laisser s\u00e9cher naturellement ou tapoter d\u00e9licatement.<\/p>\n<p data-start=\"1453\" data-end=\"1549\"><strong data-start=\"1453\" data-end=\"1483\">Conseils de conservation :<\/strong><br data-start=\"1483\" data-end=\"1486\" \/>Conserver dans un endroit frais, sec et \u00e0 l\u2019abri de la lumi\u00e8re.<\/p>\n","protected":false},"excerpt":{"rendered":"<p>Eau florale douce et rafra\u00eechissante, id\u00e9ale pour apporter confort, fra\u00eecheur et douceur \u00e0 la peau au quotidien.<\/p>\n","protected":false},"featured_media":2488,"comment_status":"open","ping_status":"closed","template":"","meta":{"site-sidebar-layout":"default","site-content-layout":"","ast-site-content-layout":"default","site-content-style":"default","site-sidebar-style":"default","ast-global-header-display":"","ast-banner-title-visibility":"","ast-main-header-display":"","ast-hfb-above-header-display":"","ast-hfb-below-header-display":"","ast-hfb-mobile-header-display":"","site-post-title":"","ast-breadcrumbs-content":"","ast-featured-img":"","footer-sml-layout":"","ast-disable-related-posts":"","theme-transparent-header-meta":"default","adv-header-id-meta":"","stick-header-meta":"","header-above-stick-meta":"","header-main-stick-meta":"","header-below-stick-meta":"","astra-migrate-meta-layouts":"set","ast-page-background-enabled":"default","ast-page-background-meta":{"desktop":{"background-color":"","background-image":"","background-repeat":"repeat","background-position":"center center","background-size":"auto","background-attachment":"scroll","background-type":"","background-media":"","overlay-type":"","overlay-color":"","overlay-opacity":"","overlay-gradient":""},"tablet":{"background-color":"","background-image":"","background-repeat":"repeat","background-position":"center center","background-size":"auto","background-attachment":"scroll","background-type":"","background-media":"","overlay-type":"","overlay-color":"","overlay-opacity":"","overlay-gradient":""},"mobile":{"background-color":"","background-image":"","background-repeat":"repeat","background-position":"center center","background-size":"auto","background-attachment":"scroll","background-type":"","background-media":"","overlay-type":"","overlay-color":"","overlay-opacity":"","overlay-gradient":""}},"ast-content-background-meta":{"desktop":{"background-color":"var(--ast-global-color-5)","background-image":"","background-repeat":"repeat","background-position":"center center","background-size":"auto","background-attachment":"scroll","background-type":"","background-media":"","overlay-type":"","overlay-color":"","overlay-opacity":"","overlay-gradient":""},"tablet":{"background-color":"var(--ast-global-color-5)","background-image":"","background-repeat":"repeat","background-position":"center center","background-size":"auto","background-attachment":"scroll","background-type":"","background-media":"","overlay-type":"","overlay-color":"","overlay-opacity":"","overlay-gradient":""},"mobile":{"background-color":"var(--ast-global-color-5)","background-image":"","background-repeat":"repeat","background-position":"center center","background-size":"auto","background-attachment":"scroll","background-type":"","background-media":"","overlay-type":"","overlay-color":"","overlay-opacity":"","overlay-gradient":""}}},"product_brand":[],"product_cat":[46],"product_tag":[63,74,80,77,76,81,78,79],"class_list":{"0":"post-2486","1":"product","2":"type-product","3":"status-publish","4":"has-post-thumbnail","6":"product_cat-cosmetique-bien-etre","7":"product_tag-beaute-marocaine","8":"product_tag-bien-etre","9":"product_tag-cosmetique-naturelle","10":"product_tag-eau-de-rose","11":"product_tag-eau-florale","12":"product_tag-fraicheur","13":"product_tag-rose-naturelle","14":"product_tag-soin-visage","15":"desktop-align-left","16":"tablet-align-left","17":"mobile-align-left","19":"first","20":"instock","21":"sale","22":"featured","23":"taxable","24":"shipping-taxable","25":"purchasable","26":"product-type-simple"},"yoast_head":"<!-- This site is optimized with the Yoast SEO plugin v27.2 - https:\/\/yoast.com\/product\/yoast-seo-wordpress\/ -->\n<title>Eau Florale de Rose Naturelle - Tudert<\/title>\n<meta name=\"description\" content=\"D\u00e9couvrez notre eau florale de rose naturelle, un soin doux et rafra\u00eechissant inspir\u00e9 du terroir marocain pour une routine beaut\u00e9 simple et \u00e9l\u00e9gante.\" \/>\n<meta name=\"robots\" content=\"index, follow, max-snippet:-1, max-image-preview:large, max-video-preview:-1\" \/>\n<link rel=\"canonical\" href=\"https:\/\/tudert.store\/?product=eau-florale-de-rose-naturelle\" \/>\n<meta property=\"og:locale\" content=\"fr_FR\" \/>\n<meta property=\"og:type\" content=\"article\" \/>\n<meta property=\"og:title\" content=\"Eau Florale de Rose Naturelle - Tudert\" \/>\n<meta property=\"og:description\" content=\"D\u00e9couvrez notre eau florale de rose naturelle, un soin doux et rafra\u00eechissant inspir\u00e9 du terroir marocain pour une routine beaut\u00e9 simple et \u00e9l\u00e9gante.\" \/>\n<meta property=\"og:url\" content=\"https:\/\/tudert.store\/?product=eau-florale-de-rose-naturelle\" \/>\n<meta property=\"og:site_name\" content=\"Tudert\" \/>\n<meta property=\"article:modified_time\" content=\"2026-03-31T07:43:50+00:00\" \/>\n<meta property=\"og:image\" content=\"https:\/\/tudert.store\/wp-content\/uploads\/2026\/03\/ChatGPT-Image-Mar-31-2026-08_16_02-AM.png\" \/>\n\t<meta property=\"og:image:width\" content=\"1536\" \/>\n\t<meta property=\"og:image:height\" content=\"1024\" \/>\n\t<meta property=\"og:image:type\" content=\"image\/png\" \/>\n<meta name=\"twitter:card\" content=\"summary_large_image\" \/>\n<meta name=\"twitter:label1\" content=\"Dur\u00e9e de lecture estim\u00e9e\" \/>\n\t<meta name=\"twitter:data1\" content=\"1 minute\" \/>\n<script type=\"application\/ld+json\" class=\"yoast-schema-graph\">{\"@context\":\"https:\/\/schema.org\",\"@graph\":[{\"@type\":\"WebPage\",\"@id\":\"https:\/\/tudert.store\/?product=eau-florale-de-rose-naturelle\",\"url\":\"https:\/\/tudert.store\/?product=eau-florale-de-rose-naturelle\",\"name\":\"Eau Florale de Rose Naturelle - Tudert\",\"isPartOf\":{\"@id\":\"https:\/\/tudert.store\/#website\"},\"primaryImageOfPage\":{\"@id\":\"https:\/\/tudert.store\/?product=eau-florale-de-rose-naturelle#primaryimage\"},\"image\":{\"@id\":\"https:\/\/tudert.store\/?product=eau-florale-de-rose-naturelle#primaryimage\"},\"thumbnailUrl\":\"https:\/\/tudert.store\/wp-content\/uploads\/2026\/03\/ChatGPT-Image-Mar-31-2026-08_16_02-AM.png\",\"datePublished\":\"2026-03-31T07:22:38+00:00\",\"dateModified\":\"2026-03-31T07:43:50+00:00\",\"description\":\"D\u00e9couvrez notre eau florale de rose naturelle, un soin doux et rafra\u00eechissant inspir\u00e9 du terroir marocain pour une routine beaut\u00e9 simple et \u00e9l\u00e9gante.\",\"breadcrumb\":{\"@id\":\"https:\/\/tudert.store\/?product=eau-florale-de-rose-naturelle#breadcrumb\"},\"inLanguage\":\"fr-FR\",\"potentialAction\":[{\"@type\":\"ReadAction\",\"target\":[\"https:\/\/tudert.store\/?product=eau-florale-de-rose-naturelle\"]}]},{\"@type\":\"ImageObject\",\"inLanguage\":\"fr-FR\",\"@id\":\"https:\/\/tudert.store\/?product=eau-florale-de-rose-naturelle#primaryimage\",\"url\":\"https:\/\/tudert.store\/wp-content\/uploads\/2026\/03\/ChatGPT-Image-Mar-31-2026-08_16_02-AM.png\",\"contentUrl\":\"https:\/\/tudert.store\/wp-content\/uploads\/2026\/03\/ChatGPT-Image-Mar-31-2026-08_16_02-AM.png\",\"width\":1536,\"height\":1024,\"caption\":\"eau florale de rose naturelle\"},{\"@type\":\"BreadcrumbList\",\"@id\":\"https:\/\/tudert.store\/?product=eau-florale-de-rose-naturelle#breadcrumb\",\"itemListElement\":[{\"@type\":\"ListItem\",\"position\":1,\"name\":\"Accueil\",\"item\":\"https:\/\/tudert.store\/\"},{\"@type\":\"ListItem\",\"position\":2,\"name\":\"Shop\",\"item\":\"https:\/\/lawngreen-goldfinch-758943.hostingersite.com\/?page_id=328\"},{\"@type\":\"ListItem\",\"position\":3,\"name\":\"Eau Florale de Rose Naturelle\"}]},{\"@type\":\"WebSite\",\"@id\":\"https:\/\/tudert.store\/#website\",\"url\":\"https:\/\/tudert.store\/\",\"name\":\"Tudert\",\"description\":\"\",\"publisher\":{\"@id\":\"https:\/\/tudert.store\/#organization\"},\"potentialAction\":[{\"@type\":\"SearchAction\",\"target\":{\"@type\":\"EntryPoint\",\"urlTemplate\":\"https:\/\/tudert.store\/?s={search_term_string}\"},\"query-input\":{\"@type\":\"PropertyValueSpecification\",\"valueRequired\":true,\"valueName\":\"search_term_string\"}}],\"inLanguage\":\"fr-FR\"},{\"@type\":\"Organization\",\"@id\":\"https:\/\/tudert.store\/#organization\",\"name\":\"Tudert\",\"url\":\"https:\/\/tudert.store\/\",\"logo\":{\"@type\":\"ImageObject\",\"inLanguage\":\"fr-FR\",\"@id\":\"https:\/\/tudert.store\/#\/schema\/logo\/image\/\",\"url\":\"https:\/\/tudert.store\/wp-content\/uploads\/2026\/03\/LOGO-AL-KARAMA-3.png\",\"contentUrl\":\"https:\/\/tudert.store\/wp-content\/uploads\/2026\/03\/LOGO-AL-KARAMA-3.png\",\"width\":2000,\"height\":2000,\"caption\":\"Tudert\"},\"image\":{\"@id\":\"https:\/\/tudert.store\/#\/schema\/logo\/image\/\"}}]}<\/script>\n<!-- \/ Yoast SEO plugin. -->","yoast_head_json":{"title":"Eau Florale de Rose Naturelle - Tudert","description":"D\u00e9couvrez notre eau florale de rose naturelle, un soin doux et rafra\u00eechissant inspir\u00e9 du terroir marocain pour une routine beaut\u00e9 simple et \u00e9l\u00e9gante.","robots":{"index":"index","follow":"follow","max-snippet":"max-snippet:-1","max-image-preview":"max-image-preview:large","max-video-preview":"max-video-preview:-1"},"canonical":"https:\/\/tudert.store\/?product=eau-florale-de-rose-naturelle","og_locale":"fr_FR","og_type":"article","og_title":"Eau Florale de Rose Naturelle - Tudert","og_description":"D\u00e9couvrez notre eau florale de rose naturelle, un soin doux et rafra\u00eechissant inspir\u00e9 du terroir marocain pour une routine beaut\u00e9 simple et \u00e9l\u00e9gante.","og_url":"https:\/\/tudert.store\/?product=eau-florale-de-rose-naturelle","og_site_name":"Tudert","article_modified_time":"2026-03-31T07:43:50+00:00","og_image":[{"width":1536,"height":1024,"url":"https:\/\/tudert.store\/wp-content\/uploads\/2026\/03\/ChatGPT-Image-Mar-31-2026-08_16_02-AM.png","type":"image\/png"}],"twitter_card":"summary_large_image","twitter_misc":{"Dur\u00e9e de lecture estim\u00e9e":"1 minute"},"schema":{"@context":"https:\/\/schema.org","@graph":[{"@type":"WebPage","@id":"https:\/\/tudert.store\/?product=eau-florale-de-rose-naturelle","url":"https:\/\/tudert.store\/?product=eau-florale-de-rose-naturelle","name":"Eau Florale de Rose Naturelle - Tudert","isPartOf":{"@id":"https:\/\/tudert.store\/#website"},"primaryImageOfPage":{"@id":"https:\/\/tudert.store\/?product=eau-florale-de-rose-naturelle#primaryimage"},"image":{"@id":"https:\/\/tudert.store\/?product=eau-florale-de-rose-naturelle#primaryimage"},"thumbnailUrl":"https:\/\/tudert.store\/wp-content\/uploads\/2026\/03\/ChatGPT-Image-Mar-31-2026-08_16_02-AM.png","datePublished":"2026-03-31T07:22:38+00:00","dateModified":"2026-03-31T07:43:50+00:00","description":"D\u00e9couvrez notre eau florale de rose naturelle, un soin doux et rafra\u00eechissant inspir\u00e9 du terroir marocain pour une routine beaut\u00e9 simple et \u00e9l\u00e9gante.","breadcrumb":{"@id":"https:\/\/tudert.store\/?product=eau-florale-de-rose-naturelle#breadcrumb"},"inLanguage":"fr-FR","potentialAction":[{"@type":"ReadAction","target":["https:\/\/tudert.store\/?product=eau-florale-de-rose-naturelle"]}]},{"@type":"ImageObject","inLanguage":"fr-FR","@id":"https:\/\/tudert.store\/?product=eau-florale-de-rose-naturelle#primaryimage","url":"https:\/\/tudert.store\/wp-content\/uploads\/2026\/03\/ChatGPT-Image-Mar-31-2026-08_16_02-AM.png","contentUrl":"https:\/\/tudert.store\/wp-content\/uploads\/2026\/03\/ChatGPT-Image-Mar-31-2026-08_16_02-AM.png","width":1536,"height":1024,"caption":"eau florale de rose naturelle"},{"@type":"BreadcrumbList","@id":"https:\/\/tudert.store\/?product=eau-florale-de-rose-naturelle#breadcrumb","itemListElement":[{"@type":"ListItem","position":1,"name":"Accueil","item":"https:\/\/tudert.store\/"},{"@type":"ListItem","position":2,"name":"Shop","item":"https:\/\/lawngreen-goldfinch-758943.hostingersite.com\/?page_id=328"},{"@type":"ListItem","position":3,"name":"Eau Florale de Rose Naturelle"}]},{"@type":"WebSite","@id":"https:\/\/tudert.store\/#website","url":"https:\/\/tudert.store\/","name":"Tudert","description":"","publisher":{"@id":"https:\/\/tudert.store\/#organization"},"potentialAction":[{"@type":"SearchAction","target":{"@type":"EntryPoint","urlTemplate":"https:\/\/tudert.store\/?s={search_term_string}"},"query-input":{"@type":"PropertyValueSpecification","valueRequired":true,"valueName":"search_term_string"}}],"inLanguage":"fr-FR"},{"@type":"Organization","@id":"https:\/\/tudert.store\/#organization","name":"Tudert","url":"https:\/\/tudert.store\/","logo":{"@type":"ImageObject","inLanguage":"fr-FR","@id":"https:\/\/tudert.store\/#\/schema\/logo\/image\/","url":"https:\/\/tudert.store\/wp-content\/uploads\/2026\/03\/LOGO-AL-KARAMA-3.png","contentUrl":"https:\/\/tudert.store\/wp-content\/uploads\/2026\/03\/LOGO-AL-KARAMA-3.png","width":2000,"height":2000,"caption":"Tudert"},"image":{"@id":"https:\/\/tudert.store\/#\/schema\/logo\/image\/"}}]}},"_links":{"self":[{"href":"https:\/\/tudert.store\/index.php?rest_route=\/wp\/v2\/product\/2486","targetHints":{"allow":["GET"]}}],"collection":[{"href":"https:\/\/tudert.store\/index.php?rest_route=\/wp\/v2\/product"}],"about":[{"href":"https:\/\/tudert.store\/index.php?rest_route=\/wp\/v2\/types\/product"}],"replies":[{"embeddable":true,"href":"https:\/\/tudert.store\/index.php?rest_route=%2Fwp%2Fv2%2Fcomments&post=2486"}],"wp:featuredmedia":[{"embeddable":true,"href":"https:\/\/tudert.store\/index.php?rest_route=\/wp\/v2\/media\/2488"}],"wp:attachment":[{"href":"https:\/\/tudert.store\/index.php?rest_route=%2Fwp%2Fv2%2Fmedia&parent=2486"}],"wp:term":[{"taxonomy":"product_brand","embeddable":true,"href":"https:\/\/tudert.store\/index.php?rest_route=%2Fwp%2Fv2%2Fproduct_brand&post=2486"},{"taxonomy":"product_cat","embeddable":true,"href":"https:\/\/tudert.store\/index.php?rest_route=%2Fwp%2Fv2%2Fproduct_cat&post=2486"},{"taxonomy":"product_tag","embeddable":true,"href":"https:\/\/tudert.store\/index.php?rest_route=%2Fwp%2Fv2%2Fproduct_tag&post=2486"}],"curies":[{"name":"wp","href":"https:\/\/api.w.org\/{rel}","templated":true}]}}