{"id":2481,"date":"2026-03-31T06:56:27","date_gmt":"2026-03-31T06:56:27","guid":{"rendered":"https:\/\/lawngreen-goldfinch-758943.hostingersite.com\/?post_type=product&#038;p=2481"},"modified":"2026-03-31T06:57:59","modified_gmt":"2026-03-31T06:57:59","slug":"amlou-traditionnel-marocain","status":"publish","type":"product","link":"https:\/\/tudert.store\/?product=amlou-traditionnel-marocain","title":{"rendered":"Amlou Traditionnel Marocain"},"content":{"rendered":"<p data-start=\"361\" data-end=\"605\"><strong data-start=\"361\" data-end=\"605\">D\u00e9couvrez notre Amlou Traditionnel Marocain, une sp\u00e9cialit\u00e9 embl\u00e9matique du terroir marocain pr\u00e9par\u00e9e \u00e0 base d\u2019amandes, d\u2019huile d\u2019argan et de miel. Sa texture onctueuse et sa saveur g\u00e9n\u00e9reuse en font un incontournable des tables marocaines.<\/strong><\/p>\n<p data-start=\"607\" data-end=\"857\"><strong data-start=\"607\" data-end=\"857\">Appr\u00e9ci\u00e9 pour son go\u00fbt authentique et sa richesse naturelle, l\u2019amlou accompagne parfaitement le petit-d\u00e9jeuner, le go\u00fbter ou les moments de partage en famille. Il se d\u00e9guste facilement avec du pain, des cr\u00eapes ou d\u2019autres pr\u00e9parations gourmandes.<\/strong><\/p>\n<p data-start=\"859\" data-end=\"1077\"><strong data-start=\"859\" data-end=\"1077\">Chez Tudert, nous mettons en valeur les produits du terroir marocain \u00e0 travers une s\u00e9lection authentique, naturelle et raffin\u00e9e. Cet amlou refl\u00e8te le savoir-faire local et l\u2019esprit chaleureux de la r\u00e9gion du Souss.<\/strong><\/p>\n<p data-start=\"1079\" data-end=\"1097\"><strong data-start=\"1079\" data-end=\"1097\">Points forts :<\/strong><\/p>\n<ul data-start=\"1098\" data-end=\"1304\">\n<li data-section-id=\"rl2omt\" data-start=\"1098\" data-end=\"1134\">Recette traditionnelle marocaine<\/li>\n<li data-section-id=\"1f2966n\" data-start=\"1135\" data-end=\"1169\">Texture onctueuse et gourmande<\/li>\n<li data-section-id=\"ymfuyv\" data-start=\"1170\" data-end=\"1226\">Pr\u00e9par\u00e9 \u00e0 base d\u2019amandes, d\u2019huile d\u2019argan et de miel<\/li>\n<li data-section-id=\"1i27zto\" data-start=\"1227\" data-end=\"1258\">Go\u00fbt authentique et raffin\u00e9<\/li>\n<li data-section-id=\"g84wx3\" data-start=\"1259\" data-end=\"1304\">Id\u00e9al pour le petit-d\u00e9jeuner et le go\u00fbter<\/li>\n<\/ul>\n<p data-start=\"1306\" data-end=\"1403\"><strong data-start=\"1306\" data-end=\"1334\">Conseils d\u2019utilisation :<\/strong><br data-start=\"1334\" data-end=\"1337\" \/>\u00c0 tartiner sur du pain, des cr\u00eapes ou \u00e0 d\u00e9guster selon vos envies.<\/p>\n<p data-start=\"1405\" data-end=\"1534\"><strong data-start=\"1405\" data-end=\"1435\">Conseils de conservation :<\/strong><br data-start=\"1435\" data-end=\"1438\" \/>Conserver dans un endroit frais, sec et \u00e0 l\u2019abri de la chaleur. Bien refermer apr\u00e8s utilisation.<\/p>\n","protected":false},"excerpt":{"rendered":"<p>Pr\u00e9paration gourmande \u00e0 base d\u2019amandes, d\u2019huile d\u2019argan et de miel, au go\u00fbt riche et authentique.<\/p>\n<div id=\"gtx-trans\" style=\"position: absolute; left: -65px; top: 44.4667px;\">\n<div class=\"gtx-trans-icon\"><\/div>\n<\/div>\n","protected":false},"featured_media":2383,"comment_status":"open","ping_status":"closed","template":"","meta":{"site-sidebar-layout":"default","site-content-layout":"","ast-site-content-layout":"default","site-content-style":"default","site-sidebar-style":"default","ast-global-header-display":"","ast-banner-title-visibility":"","ast-main-header-display":"","ast-hfb-above-header-display":"","ast-hfb-below-header-display":"","ast-hfb-mobile-header-display":"","site-post-title":"","ast-breadcrumbs-content":"","ast-featured-img":"","footer-sml-layout":"","ast-disable-related-posts":"","theme-transparent-header-meta":"default","adv-header-id-meta":"","stick-header-meta":"","header-above-stick-meta":"","header-main-stick-meta":"","header-below-stick-meta":"","astra-migrate-meta-layouts":"set","ast-page-background-enabled":"default","ast-page-background-meta":{"desktop":{"background-color":"","background-image":"","background-repeat":"repeat","background-position":"center center","background-size":"auto","background-attachment":"scroll","background-type":"","background-media":"","overlay-type":"","overlay-color":"","overlay-opacity":"","overlay-gradient":""},"tablet":{"background-color":"","background-image":"","background-repeat":"repeat","background-position":"center center","background-size":"auto","background-attachment":"scroll","background-type":"","background-media":"","overlay-type":"","overlay-color":"","overlay-opacity":"","overlay-gradient":""},"mobile":{"background-color":"","background-image":"","background-repeat":"repeat","background-position":"center center","background-size":"auto","background-attachment":"scroll","background-type":"","background-media":"","overlay-type":"","overlay-color":"","overlay-opacity":"","overlay-gradient":""}},"ast-content-background-meta":{"desktop":{"background-color":"var(--ast-global-color-5)","background-image":"","background-repeat":"repeat","background-position":"center center","background-size":"auto","background-attachment":"scroll","background-type":"","background-media":"","overlay-type":"","overlay-color":"","overlay-opacity":"","overlay-gradient":""},"tablet":{"background-color":"var(--ast-global-color-5)","background-image":"","background-repeat":"repeat","background-position":"center center","background-size":"auto","background-attachment":"scroll","background-type":"","background-media":"","overlay-type":"","overlay-color":"","overlay-opacity":"","overlay-gradient":""},"mobile":{"background-color":"var(--ast-global-color-5)","background-image":"","background-repeat":"repeat","background-position":"center center","background-size":"auto","background-attachment":"scroll","background-type":"","background-media":"","overlay-type":"","overlay-color":"","overlay-opacity":"","overlay-gradient":""}}},"product_brand":[],"product_cat":[45],"product_tag":[68,64,65,49,69,66,67,56],"class_list":{"0":"post-2481","1":"product","2":"type-product","3":"status-publish","4":"has-post-thumbnail","6":"product_cat-argan","7":"product_tag-amandes","8":"product_tag-amlou","9":"product_tag-amlou-traditionnel","10":"product_tag-huile-dargan","11":"product_tag-miel","12":"product_tag-pate-a-tartiner-marocaine","13":"product_tag-produit-du-terroir","14":"product_tag-produit-marocain","15":"desktop-align-left","16":"tablet-align-left","17":"mobile-align-left","19":"first","20":"instock","21":"sale","22":"featured","23":"taxable","24":"shipping-taxable","25":"purchasable","26":"product-type-simple"},"yoast_head":"<!-- This site is optimized with the Yoast SEO plugin v27.2 - https:\/\/yoast.com\/product\/yoast-seo-wordpress\/ -->\n<title>Amlou Traditionnel Marocain - Tudert<\/title>\n<meta name=\"description\" content=\"D\u00e9couvrez notre amlou traditionnel marocain, pr\u00e9par\u00e9 \u00e0 base d\u2019amandes, d\u2019huile d\u2019argan et de miel. Une sp\u00e9cialit\u00e9 authentique et gourmande sign\u00e9e Tudert.\" \/>\n<meta name=\"robots\" content=\"index, follow, max-snippet:-1, max-image-preview:large, max-video-preview:-1\" \/>\n<link rel=\"canonical\" href=\"https:\/\/tudert.store\/?product=amlou-traditionnel-marocain\" \/>\n<meta property=\"og:locale\" content=\"fr_FR\" \/>\n<meta property=\"og:type\" content=\"article\" \/>\n<meta property=\"og:title\" content=\"Amlou Traditionnel Marocain - Tudert\" \/>\n<meta property=\"og:description\" content=\"D\u00e9couvrez notre amlou traditionnel marocain, pr\u00e9par\u00e9 \u00e0 base d\u2019amandes, d\u2019huile d\u2019argan et de miel. Une sp\u00e9cialit\u00e9 authentique et gourmande sign\u00e9e Tudert.\" \/>\n<meta property=\"og:url\" content=\"https:\/\/tudert.store\/?product=amlou-traditionnel-marocain\" \/>\n<meta property=\"og:site_name\" content=\"Tudert\" \/>\n<meta property=\"article:modified_time\" content=\"2026-03-31T06:57:59+00:00\" \/>\n<meta property=\"og:image\" content=\"https:\/\/tudert.store\/wp-content\/uploads\/2026\/03\/tudert_amlou_texture.png\" \/>\n\t<meta property=\"og:image:width\" content=\"498\" \/>\n\t<meta property=\"og:image:height\" content=\"732\" \/>\n\t<meta property=\"og:image:type\" content=\"image\/png\" \/>\n<meta name=\"twitter:card\" content=\"summary_large_image\" \/>\n<meta name=\"twitter:label1\" content=\"Dur\u00e9e de lecture estim\u00e9e\" \/>\n\t<meta name=\"twitter:data1\" content=\"2 minutes\" \/>\n<script type=\"application\/ld+json\" class=\"yoast-schema-graph\">{\"@context\":\"https:\/\/schema.org\",\"@graph\":[{\"@type\":\"WebPage\",\"@id\":\"https:\/\/tudert.store\/?product=amlou-traditionnel-marocain\",\"url\":\"https:\/\/tudert.store\/?product=amlou-traditionnel-marocain\",\"name\":\"Amlou Traditionnel Marocain - Tudert\",\"isPartOf\":{\"@id\":\"https:\/\/tudert.store\/#website\"},\"primaryImageOfPage\":{\"@id\":\"https:\/\/tudert.store\/?product=amlou-traditionnel-marocain#primaryimage\"},\"image\":{\"@id\":\"https:\/\/tudert.store\/?product=amlou-traditionnel-marocain#primaryimage\"},\"thumbnailUrl\":\"https:\/\/tudert.store\/wp-content\/uploads\/2026\/03\/tudert_amlou_texture.png\",\"datePublished\":\"2026-03-31T06:56:27+00:00\",\"dateModified\":\"2026-03-31T06:57:59+00:00\",\"description\":\"D\u00e9couvrez notre amlou traditionnel marocain, pr\u00e9par\u00e9 \u00e0 base d\u2019amandes, d\u2019huile d\u2019argan et de miel. Une sp\u00e9cialit\u00e9 authentique et gourmande sign\u00e9e Tudert.\",\"breadcrumb\":{\"@id\":\"https:\/\/tudert.store\/?product=amlou-traditionnel-marocain#breadcrumb\"},\"inLanguage\":\"fr-FR\",\"potentialAction\":[{\"@type\":\"ReadAction\",\"target\":[\"https:\/\/tudert.store\/?product=amlou-traditionnel-marocain\"]}]},{\"@type\":\"ImageObject\",\"inLanguage\":\"fr-FR\",\"@id\":\"https:\/\/tudert.store\/?product=amlou-traditionnel-marocain#primaryimage\",\"url\":\"https:\/\/tudert.store\/wp-content\/uploads\/2026\/03\/tudert_amlou_texture.png\",\"contentUrl\":\"https:\/\/tudert.store\/wp-content\/uploads\/2026\/03\/tudert_amlou_texture.png\",\"width\":498,\"height\":732,\"caption\":\"tudert amlou texture\"},{\"@type\":\"BreadcrumbList\",\"@id\":\"https:\/\/tudert.store\/?product=amlou-traditionnel-marocain#breadcrumb\",\"itemListElement\":[{\"@type\":\"ListItem\",\"position\":1,\"name\":\"Accueil\",\"item\":\"https:\/\/tudert.store\/\"},{\"@type\":\"ListItem\",\"position\":2,\"name\":\"Shop\",\"item\":\"https:\/\/lawngreen-goldfinch-758943.hostingersite.com\/?page_id=328\"},{\"@type\":\"ListItem\",\"position\":3,\"name\":\"Amlou Traditionnel Marocain\"}]},{\"@type\":\"WebSite\",\"@id\":\"https:\/\/tudert.store\/#website\",\"url\":\"https:\/\/tudert.store\/\",\"name\":\"Tudert\",\"description\":\"\",\"publisher\":{\"@id\":\"https:\/\/tudert.store\/#organization\"},\"potentialAction\":[{\"@type\":\"SearchAction\",\"target\":{\"@type\":\"EntryPoint\",\"urlTemplate\":\"https:\/\/tudert.store\/?s={search_term_string}\"},\"query-input\":{\"@type\":\"PropertyValueSpecification\",\"valueRequired\":true,\"valueName\":\"search_term_string\"}}],\"inLanguage\":\"fr-FR\"},{\"@type\":\"Organization\",\"@id\":\"https:\/\/tudert.store\/#organization\",\"name\":\"Tudert\",\"url\":\"https:\/\/tudert.store\/\",\"logo\":{\"@type\":\"ImageObject\",\"inLanguage\":\"fr-FR\",\"@id\":\"https:\/\/tudert.store\/#\/schema\/logo\/image\/\",\"url\":\"https:\/\/tudert.store\/wp-content\/uploads\/2026\/03\/LOGO-AL-KARAMA-3.png\",\"contentUrl\":\"https:\/\/tudert.store\/wp-content\/uploads\/2026\/03\/LOGO-AL-KARAMA-3.png\",\"width\":2000,\"height\":2000,\"caption\":\"Tudert\"},\"image\":{\"@id\":\"https:\/\/tudert.store\/#\/schema\/logo\/image\/\"}}]}<\/script>\n<!-- \/ Yoast SEO plugin. -->","yoast_head_json":{"title":"Amlou Traditionnel Marocain - Tudert","description":"D\u00e9couvrez notre amlou traditionnel marocain, pr\u00e9par\u00e9 \u00e0 base d\u2019amandes, d\u2019huile d\u2019argan et de miel. Une sp\u00e9cialit\u00e9 authentique et gourmande sign\u00e9e Tudert.","robots":{"index":"index","follow":"follow","max-snippet":"max-snippet:-1","max-image-preview":"max-image-preview:large","max-video-preview":"max-video-preview:-1"},"canonical":"https:\/\/tudert.store\/?product=amlou-traditionnel-marocain","og_locale":"fr_FR","og_type":"article","og_title":"Amlou Traditionnel Marocain - Tudert","og_description":"D\u00e9couvrez notre amlou traditionnel marocain, pr\u00e9par\u00e9 \u00e0 base d\u2019amandes, d\u2019huile d\u2019argan et de miel. Une sp\u00e9cialit\u00e9 authentique et gourmande sign\u00e9e Tudert.","og_url":"https:\/\/tudert.store\/?product=amlou-traditionnel-marocain","og_site_name":"Tudert","article_modified_time":"2026-03-31T06:57:59+00:00","og_image":[{"width":498,"height":732,"url":"https:\/\/tudert.store\/wp-content\/uploads\/2026\/03\/tudert_amlou_texture.png","type":"image\/png"}],"twitter_card":"summary_large_image","twitter_misc":{"Dur\u00e9e de lecture estim\u00e9e":"2 minutes"},"schema":{"@context":"https:\/\/schema.org","@graph":[{"@type":"WebPage","@id":"https:\/\/tudert.store\/?product=amlou-traditionnel-marocain","url":"https:\/\/tudert.store\/?product=amlou-traditionnel-marocain","name":"Amlou Traditionnel Marocain - Tudert","isPartOf":{"@id":"https:\/\/tudert.store\/#website"},"primaryImageOfPage":{"@id":"https:\/\/tudert.store\/?product=amlou-traditionnel-marocain#primaryimage"},"image":{"@id":"https:\/\/tudert.store\/?product=amlou-traditionnel-marocain#primaryimage"},"thumbnailUrl":"https:\/\/tudert.store\/wp-content\/uploads\/2026\/03\/tudert_amlou_texture.png","datePublished":"2026-03-31T06:56:27+00:00","dateModified":"2026-03-31T06:57:59+00:00","description":"D\u00e9couvrez notre amlou traditionnel marocain, pr\u00e9par\u00e9 \u00e0 base d\u2019amandes, d\u2019huile d\u2019argan et de miel. Une sp\u00e9cialit\u00e9 authentique et gourmande sign\u00e9e Tudert.","breadcrumb":{"@id":"https:\/\/tudert.store\/?product=amlou-traditionnel-marocain#breadcrumb"},"inLanguage":"fr-FR","potentialAction":[{"@type":"ReadAction","target":["https:\/\/tudert.store\/?product=amlou-traditionnel-marocain"]}]},{"@type":"ImageObject","inLanguage":"fr-FR","@id":"https:\/\/tudert.store\/?product=amlou-traditionnel-marocain#primaryimage","url":"https:\/\/tudert.store\/wp-content\/uploads\/2026\/03\/tudert_amlou_texture.png","contentUrl":"https:\/\/tudert.store\/wp-content\/uploads\/2026\/03\/tudert_amlou_texture.png","width":498,"height":732,"caption":"tudert amlou texture"},{"@type":"BreadcrumbList","@id":"https:\/\/tudert.store\/?product=amlou-traditionnel-marocain#breadcrumb","itemListElement":[{"@type":"ListItem","position":1,"name":"Accueil","item":"https:\/\/tudert.store\/"},{"@type":"ListItem","position":2,"name":"Shop","item":"https:\/\/lawngreen-goldfinch-758943.hostingersite.com\/?page_id=328"},{"@type":"ListItem","position":3,"name":"Amlou Traditionnel Marocain"}]},{"@type":"WebSite","@id":"https:\/\/tudert.store\/#website","url":"https:\/\/tudert.store\/","name":"Tudert","description":"","publisher":{"@id":"https:\/\/tudert.store\/#organization"},"potentialAction":[{"@type":"SearchAction","target":{"@type":"EntryPoint","urlTemplate":"https:\/\/tudert.store\/?s={search_term_string}"},"query-input":{"@type":"PropertyValueSpecification","valueRequired":true,"valueName":"search_term_string"}}],"inLanguage":"fr-FR"},{"@type":"Organization","@id":"https:\/\/tudert.store\/#organization","name":"Tudert","url":"https:\/\/tudert.store\/","logo":{"@type":"ImageObject","inLanguage":"fr-FR","@id":"https:\/\/tudert.store\/#\/schema\/logo\/image\/","url":"https:\/\/tudert.store\/wp-content\/uploads\/2026\/03\/LOGO-AL-KARAMA-3.png","contentUrl":"https:\/\/tudert.store\/wp-content\/uploads\/2026\/03\/LOGO-AL-KARAMA-3.png","width":2000,"height":2000,"caption":"Tudert"},"image":{"@id":"https:\/\/tudert.store\/#\/schema\/logo\/image\/"}}]}},"_links":{"self":[{"href":"https:\/\/tudert.store\/index.php?rest_route=\/wp\/v2\/product\/2481","targetHints":{"allow":["GET"]}}],"collection":[{"href":"https:\/\/tudert.store\/index.php?rest_route=\/wp\/v2\/product"}],"about":[{"href":"https:\/\/tudert.store\/index.php?rest_route=\/wp\/v2\/types\/product"}],"replies":[{"embeddable":true,"href":"https:\/\/tudert.store\/index.php?rest_route=%2Fwp%2Fv2%2Fcomments&post=2481"}],"wp:featuredmedia":[{"embeddable":true,"href":"https:\/\/tudert.store\/index.php?rest_route=\/wp\/v2\/media\/2383"}],"wp:attachment":[{"href":"https:\/\/tudert.store\/index.php?rest_route=%2Fwp%2Fv2%2Fmedia&parent=2481"}],"wp:term":[{"taxonomy":"product_brand","embeddable":true,"href":"https:\/\/tudert.store\/index.php?rest_route=%2Fwp%2Fv2%2Fproduct_brand&post=2481"},{"taxonomy":"product_cat","embeddable":true,"href":"https:\/\/tudert.store\/index.php?rest_route=%2Fwp%2Fv2%2Fproduct_cat&post=2481"},{"taxonomy":"product_tag","embeddable":true,"href":"https:\/\/tudert.store\/index.php?rest_route=%2Fwp%2Fv2%2Fproduct_tag&post=2481"}],"curies":[{"name":"wp","href":"https:\/\/api.w.org\/{rel}","templated":true}]}}