{"id":9,"date":"2026-03-28T18:48:32","date_gmt":"2026-03-28T18:48:32","guid":{"rendered":"https:\/\/lawngreen-goldfinch-758943.hostingersite.com\/about\/"},"modified":"2026-03-31T08:23:30","modified_gmt":"2026-03-31T08:23:30","slug":"about","status":"publish","type":"page","link":"https:\/\/tudert.store\/?page_id=9","title":{"rendered":"About"},"content":{"rendered":"\t\t<div data-elementor-type=\"wp-page\" data-elementor-id=\"9\" class=\"elementor elementor-9\">\n\t\t\t\t<div class=\"elementor-element elementor-element-1849320 e-flex e-con-boxed e-con e-parent\" data-id=\"1849320\" data-element_type=\"container\" data-e-type=\"container\" data-settings=\"{&quot;background_background&quot;:&quot;classic&quot;}\">\n\t\t\t\t\t<div class=\"e-con-inner\">\n\t\t<div class=\"elementor-element elementor-element-18a774d e-con-full e-flex e-con e-child\" data-id=\"18a774d\" data-element_type=\"container\" data-e-type=\"container\">\n\t\t\t\t<div class=\"elementor-element elementor-element-aaf15f5 elementor-widget elementor-widget-heading\" data-id=\"aaf15f5\" data-element_type=\"widget\" data-e-type=\"widget\" data-widget_type=\"heading.default\">\n\t\t\t\t<div class=\"elementor-widget-container\">\n\t\t\t\t\t<h1 class=\"elementor-heading-title elementor-size-default\">\u00c0 propos<\/h1>\t\t\t\t<\/div>\n\t\t\t\t<\/div>\n\t\t\t\t<\/div>\n\t\t\t\t\t<\/div>\n\t\t\t\t<\/div>\n\t\t<div class=\"elementor-element elementor-element-97e4322 e-flex e-con-boxed e-con e-parent\" data-id=\"97e4322\" data-element_type=\"container\" data-e-type=\"container\">\n\t\t\t\t\t<div class=\"e-con-inner\">\n\t\t<div class=\"elementor-element elementor-element-04666ae e-con-full e-flex e-con e-child\" data-id=\"04666ae\" data-element_type=\"container\" data-e-type=\"container\">\n\t\t\t\t<div class=\"elementor-element elementor-element-26e5077 elementor-widget elementor-widget-hfe-infocard\" data-id=\"26e5077\" data-element_type=\"widget\" data-e-type=\"widget\" data-widget_type=\"hfe-infocard.default\">\n\t\t\t\t<div class=\"elementor-widget-container\">\n\t\t\t\t\t\n\t\t<div class=\"hfe-infocard\">\n\t\t\t\t\t\t\t\t\t<div class=\"hfe-infocard-title-wrap\">\n\t\t\t\t<h3 class=\"hfe-infocard-title elementor-inline-editing\" data-elementor-setting-key=\"infocard_title\" data-elementor-inline-editing-toolbar=\"basic\" >Notre histoire<\/h3>\t\t\t<\/div>\n\t\t\t\t\t\t<div class=\"hfe-infocard-text-wrap\">\n\t\t\t\t<div class=\"hfe-infocard-text elementor-inline-editing\" data-elementor-setting-key=\"infocard_description\" data-elementor-inline-editing-toolbar=\"advanced\">\n\t\t\t\t\tTudert est n\u00e9e de la passion pour la valorisation des produits naturels du terroir marocain. Fond\u00e9e dans la r\u00e9gion du Souss, notre coop\u00e9rative s'engage \u00e0 pr\u00e9server l'h\u00e9ritage agricole et culturel de notre r\u00e9gion.\n\nDepuis nos d\u00e9buts, nous travaillons en \u00e9troite collaboration avec les producteurs locaux, les agriculteurs et les artisans pour garantir la qualit\u00e9 authentique de chaque produit. Nous croyons que le commerce \u00e9quitable et la durabilit\u00e9 sont essentiels pour le d\u00e9veloppement de notre communaut\u00e9.\n\nAujourd'hui, Tudert est fi\u00e8re de proposer une large gamme de produits naturels qui refl\u00e8tent la richesse et la diversit\u00e9 du terroir du Souss. Chaque achat soutient non seulement nos producteurs, mais contribue aussi \u00e0 la pr\u00e9servation de nos traditions.\t\t\t\t<\/div>\n\t\t\t\t\t\t\t<\/div>\n\t\t<\/div>\n\n\t\t\t\t\t\t<\/div>\n\t\t\t\t<\/div>\n\t\t\t\t<div class=\"elementor-element elementor-element-29e659d elementor-widget elementor-widget-heading\" data-id=\"29e659d\" data-element_type=\"widget\" data-e-type=\"widget\" data-widget_type=\"heading.default\">\n\t\t\t\t<div class=\"elementor-widget-container\">\n\t\t\t\t\t<h5 class=\"elementor-heading-title elementor-size-default\">Pourquoi choisir Tudert?<\/h5>\t\t\t\t<\/div>\n\t\t\t\t<\/div>\n\t\t<div class=\"elementor-element elementor-element-486027f e-con-full e-flex e-con e-child\" data-id=\"486027f\" data-element_type=\"container\" data-e-type=\"container\">\n\t\t<div class=\"elementor-element elementor-element-6e85aa1 e-con-full e-flex e-con e-child\" data-id=\"6e85aa1\" data-element_type=\"container\" data-e-type=\"container\">\n\t\t\t\t<div class=\"elementor-element elementor-element-6e3bfc9 elementor-icon-list--layout-traditional elementor-list-item-link-full_width elementor-widget elementor-widget-icon-list\" data-id=\"6e3bfc9\" data-element_type=\"widget\" data-e-type=\"widget\" data-widget_type=\"icon-list.default\">\n\t\t\t\t<div class=\"elementor-widget-container\">\n\t\t\t\t\t\t\t<ul class=\"elementor-icon-list-items\">\n\t\t\t\t\t\t\t<li class=\"elementor-icon-list-item\">\n\t\t\t\t\t\t\t\t\t\t\t<span class=\"elementor-icon-list-icon\">\n\t\t\t\t\t\t\t<i aria-hidden=\"true\" class=\"fas fa-caret-right\"><\/i>\t\t\t\t\t\t<\/span>\n\t\t\t\t\t\t\t\t\t\t<span class=\"elementor-icon-list-text\">Produits 100% Naturels<\/span>\n\t\t\t\t\t\t\t\t\t<\/li>\n\t\t\t\t\t\t\t\t<li class=\"elementor-icon-list-item\">\n\t\t\t\t\t\t\t\t\t\t\t<span class=\"elementor-icon-list-icon\">\n\t\t\t\t\t\t\t<i aria-hidden=\"true\" class=\"fas fa-caret-right\"><\/i>\t\t\t\t\t\t<\/span>\n\t\t\t\t\t\t\t\t\t\t<span class=\"elementor-icon-list-text\">Soutenez l'\u00c9conomie Locale<\/span>\n\t\t\t\t\t\t\t\t\t<\/li>\n\t\t\t\t\t\t<\/ul>\n\t\t\t\t\t\t<\/div>\n\t\t\t\t<\/div>\n\t\t\t\t<\/div>\n\t\t<div class=\"elementor-element elementor-element-7247940 e-con-full e-flex e-con e-child\" data-id=\"7247940\" data-element_type=\"container\" data-e-type=\"container\">\n\t\t\t\t<div class=\"elementor-element elementor-element-b9eaa67 elementor-icon-list--layout-traditional elementor-list-item-link-full_width elementor-widget elementor-widget-icon-list\" data-id=\"b9eaa67\" data-element_type=\"widget\" data-e-type=\"widget\" data-widget_type=\"icon-list.default\">\n\t\t\t\t<div class=\"elementor-widget-container\">\n\t\t\t\t\t\t\t<ul class=\"elementor-icon-list-items\">\n\t\t\t\t\t\t\t<li class=\"elementor-icon-list-item\">\n\t\t\t\t\t\t\t\t\t\t\t<span class=\"elementor-icon-list-icon\">\n\t\t\t\t\t\t\t<i aria-hidden=\"true\" class=\"fas fa-caret-right\"><\/i>\t\t\t\t\t\t<\/span>\n\t\t\t\t\t\t\t\t\t\t<span class=\"elementor-icon-list-text\">Qualit\u00e9 Garantie<\/span>\n\t\t\t\t\t\t\t\t\t<\/li>\n\t\t\t\t\t\t\t\t<li class=\"elementor-icon-list-item\">\n\t\t\t\t\t\t\t\t\t\t\t<span class=\"elementor-icon-list-icon\">\n\t\t\t\t\t\t\t<i aria-hidden=\"true\" class=\"fas fa-caret-right\"><\/i>\t\t\t\t\t\t<\/span>\n\t\t\t\t\t\t\t\t\t\t<span class=\"elementor-icon-list-text\">Tradition Respect\u00e9e<\/span>\n\t\t\t\t\t\t\t\t\t<\/li>\n\t\t\t\t\t\t<\/ul>\n\t\t\t\t\t\t<\/div>\n\t\t\t\t<\/div>\n\t\t\t\t<\/div>\n\t\t\t\t<\/div>\n\t\t\t\t<\/div>\n\t\t<div class=\"elementor-element elementor-element-4c10c64 e-con-full e-flex e-con e-child\" data-id=\"4c10c64\" data-element_type=\"container\" data-e-type=\"container\">\n\t\t\t\t<div class=\"elementor-element elementor-element-e5a6af8 elementor-widget elementor-widget-image\" data-id=\"e5a6af8\" data-element_type=\"widget\" data-e-type=\"widget\" data-widget_type=\"image.default\">\n\t\t\t\t<div class=\"elementor-widget-container\">\n\t\t\t\t\t\t\t\t\t\t\t\t\t\t\t<img fetchpriority=\"high\" decoding=\"async\" width=\"1536\" height=\"1024\" src=\"https:\/\/tudert.store\/wp-content\/uploads\/2026\/03\/ChatGPT-Image-Mar-29-2026-02_14_11-AM.png\" class=\"attachment-full size-full wp-image-2366\" alt=\"chatgpt image mar 29, 2026, 02 14 11 am\" srcset=\"https:\/\/tudert.store\/wp-content\/uploads\/2026\/03\/ChatGPT-Image-Mar-29-2026-02_14_11-AM.png 1536w, https:\/\/tudert.store\/wp-content\/uploads\/2026\/03\/ChatGPT-Image-Mar-29-2026-02_14_11-AM-300x200.png 300w, https:\/\/tudert.store\/wp-content\/uploads\/2026\/03\/ChatGPT-Image-Mar-29-2026-02_14_11-AM-1024x683.png 1024w, https:\/\/tudert.store\/wp-content\/uploads\/2026\/03\/ChatGPT-Image-Mar-29-2026-02_14_11-AM-768x512.png 768w, https:\/\/tudert.store\/wp-content\/uploads\/2026\/03\/ChatGPT-Image-Mar-29-2026-02_14_11-AM-600x400.png 600w\" sizes=\"(max-width: 1536px) 100vw, 1536px\" title=\"About\">\t\t\t\t\t\t\t\t\t\t\t\t\t\t\t<\/div>\n\t\t\t\t<\/div>\n\t\t\t\t<\/div>\n\t\t\t\t\t<\/div>\n\t\t\t\t<\/div>\n\t\t\t\t<\/div>\n\t\t","protected":false},"excerpt":{"rendered":"<p>\u00c0 propos Notre histoire Tudert est n\u00e9e de la passion pour la valorisation des produits naturels du terroir marocain. Fond\u00e9e dans la r\u00e9gion du Souss, notre coop\u00e9rative s&rsquo;engage \u00e0 pr\u00e9server l&rsquo;h\u00e9ritage agricole et culturel de notre r\u00e9gion. Depuis nos d\u00e9buts, nous travaillons en \u00e9troite collaboration avec les producteurs locaux, les agriculteurs et les artisans pour [&hellip;]<\/p>\n","protected":false},"author":1,"featured_media":0,"parent":0,"menu_order":0,"comment_status":"closed","ping_status":"closed","template":"","meta":{"site-sidebar-layout":"no-sidebar","site-content-layout":"page-builder","ast-site-content-layout":"full-width-container","site-content-style":"unboxed","site-sidebar-style":"unboxed","ast-global-header-display":"","ast-banner-title-visibility":"","ast-main-header-display":"","ast-hfb-above-header-display":"","ast-hfb-below-header-display":"","ast-hfb-mobile-header-display":"","site-post-title":"","ast-breadcrumbs-content":"disabled","ast-featured-img":"disabled","footer-sml-layout":"","ast-disable-related-posts":"","theme-transparent-header-meta":"enabled","adv-header-id-meta":"","stick-header-meta":"","header-above-stick-meta":"","header-main-stick-meta":"","header-below-stick-meta":"","astra-migrate-meta-layouts":"set","ast-page-background-enabled":"default","ast-page-background-meta":{"desktop":{"background-color":"","background-image":"","background-repeat":"repeat","background-position":"center center","background-size":"auto","background-attachment":"scroll","background-type":"","background-media":"","overlay-type":"","overlay-color":"","overlay-opacity":"","overlay-gradient":""},"tablet":{"background-color":"","background-image":"","background-repeat":"repeat","background-position":"center center","background-size":"auto","background-attachment":"scroll","background-type":"","background-media":"","overlay-type":"","overlay-color":"","overlay-opacity":"","overlay-gradient":""},"mobile":{"background-color":"","background-image":"","background-repeat":"repeat","background-position":"center center","background-size":"auto","background-attachment":"scroll","background-type":"","background-media":"","overlay-type":"","overlay-color":"","overlay-opacity":"","overlay-gradient":""}},"ast-content-background-meta":{"desktop":{"background-color":"var(--ast-global-color-5)","background-image":"","background-repeat":"repeat","background-position":"center center","background-size":"auto","background-attachment":"scroll","background-type":"","background-media":"","overlay-type":"","overlay-color":"","overlay-opacity":"","overlay-gradient":""},"tablet":{"background-color":"var(--ast-global-color-5)","background-image":"","background-repeat":"repeat","background-position":"center center","background-size":"auto","background-attachment":"scroll","background-type":"","background-media":"","overlay-type":"","overlay-color":"","overlay-opacity":"","overlay-gradient":""},"mobile":{"background-color":"var(--ast-global-color-5)","background-image":"","background-repeat":"repeat","background-position":"center center","background-size":"auto","background-attachment":"scroll","background-type":"","background-media":"","overlay-type":"","overlay-color":"","overlay-opacity":"","overlay-gradient":""}},"footnotes":""},"class_list":["post-9","page","type-page","status-publish","hentry"],"yoast_head":"<!-- This site is optimized with the Yoast SEO plugin v27.2 - https:\/\/yoast.com\/product\/yoast-seo-wordpress\/ -->\n<title>About - Tudert<\/title>\n<meta name=\"robots\" content=\"index, follow, max-snippet:-1, max-image-preview:large, max-video-preview:-1\" \/>\n<link rel=\"canonical\" href=\"https:\/\/tudert.store\/?page_id=9\" \/>\n<meta property=\"og:locale\" content=\"fr_FR\" \/>\n<meta property=\"og:type\" content=\"article\" \/>\n<meta property=\"og:title\" content=\"About - Tudert\" \/>\n<meta property=\"og:description\" content=\"\u00c0 propos Notre histoire Tudert est n\u00e9e de la passion pour la valorisation des produits naturels du terroir marocain. Fond\u00e9e dans la r\u00e9gion du Souss, notre coop\u00e9rative s&rsquo;engage \u00e0 pr\u00e9server l&rsquo;h\u00e9ritage agricole et culturel de notre r\u00e9gion. Depuis nos d\u00e9buts, nous travaillons en \u00e9troite collaboration avec les producteurs locaux, les agriculteurs et les artisans pour [&hellip;]\" \/>\n<meta property=\"og:url\" content=\"https:\/\/tudert.store\/?page_id=9\" \/>\n<meta property=\"og:site_name\" content=\"Tudert\" \/>\n<meta property=\"article:modified_time\" content=\"2026-03-31T08:23:30+00:00\" \/>\n<meta property=\"og:image\" content=\"https:\/\/tudert.store\/wp-content\/uploads\/2026\/03\/ChatGPT-Image-Mar-29-2026-02_14_11-AM.png\" \/>\n<meta name=\"twitter:card\" content=\"summary_large_image\" \/>\n<meta name=\"twitter:label1\" content=\"Dur\u00e9e de lecture estim\u00e9e\" \/>\n\t<meta name=\"twitter:data1\" content=\"5 minutes\" \/>\n<script type=\"application\/ld+json\" class=\"yoast-schema-graph\">{\"@context\":\"https:\/\/schema.org\",\"@graph\":[{\"@type\":\"WebPage\",\"@id\":\"https:\/\/tudert.store\/?page_id=9\",\"url\":\"https:\/\/tudert.store\/?page_id=9\",\"name\":\"About - Tudert\",\"isPartOf\":{\"@id\":\"https:\/\/tudert.store\/#website\"},\"primaryImageOfPage\":{\"@id\":\"https:\/\/tudert.store\/?page_id=9#primaryimage\"},\"image\":{\"@id\":\"https:\/\/tudert.store\/?page_id=9#primaryimage\"},\"thumbnailUrl\":\"https:\/\/tudert.store\/wp-content\/uploads\/2026\/03\/ChatGPT-Image-Mar-29-2026-02_14_11-AM.png\",\"datePublished\":\"2026-03-28T18:48:32+00:00\",\"dateModified\":\"2026-03-31T08:23:30+00:00\",\"breadcrumb\":{\"@id\":\"https:\/\/tudert.store\/?page_id=9#breadcrumb\"},\"inLanguage\":\"fr-FR\",\"potentialAction\":[{\"@type\":\"ReadAction\",\"target\":[\"https:\/\/tudert.store\/?page_id=9\"]}]},{\"@type\":\"ImageObject\",\"inLanguage\":\"fr-FR\",\"@id\":\"https:\/\/tudert.store\/?page_id=9#primaryimage\",\"url\":\"https:\/\/tudert.store\/wp-content\/uploads\/2026\/03\/ChatGPT-Image-Mar-29-2026-02_14_11-AM.png\",\"contentUrl\":\"https:\/\/tudert.store\/wp-content\/uploads\/2026\/03\/ChatGPT-Image-Mar-29-2026-02_14_11-AM.png\",\"width\":1536,\"height\":1024,\"caption\":\"chatgpt image mar 29, 2026, 02 14 11 am\"},{\"@type\":\"BreadcrumbList\",\"@id\":\"https:\/\/tudert.store\/?page_id=9#breadcrumb\",\"itemListElement\":[{\"@type\":\"ListItem\",\"position\":1,\"name\":\"Accueil\",\"item\":\"https:\/\/tudert.store\/\"},{\"@type\":\"ListItem\",\"position\":2,\"name\":\"About\"}]},{\"@type\":\"WebSite\",\"@id\":\"https:\/\/tudert.store\/#website\",\"url\":\"https:\/\/tudert.store\/\",\"name\":\"Tudert\",\"description\":\"\",\"publisher\":{\"@id\":\"https:\/\/tudert.store\/#organization\"},\"potentialAction\":[{\"@type\":\"SearchAction\",\"target\":{\"@type\":\"EntryPoint\",\"urlTemplate\":\"https:\/\/tudert.store\/?s={search_term_string}\"},\"query-input\":{\"@type\":\"PropertyValueSpecification\",\"valueRequired\":true,\"valueName\":\"search_term_string\"}}],\"inLanguage\":\"fr-FR\"},{\"@type\":\"Organization\",\"@id\":\"https:\/\/tudert.store\/#organization\",\"name\":\"Tudert\",\"url\":\"https:\/\/tudert.store\/\",\"logo\":{\"@type\":\"ImageObject\",\"inLanguage\":\"fr-FR\",\"@id\":\"https:\/\/tudert.store\/#\/schema\/logo\/image\/\",\"url\":\"https:\/\/tudert.store\/wp-content\/uploads\/2026\/03\/LOGO-AL-KARAMA-3.png\",\"contentUrl\":\"https:\/\/tudert.store\/wp-content\/uploads\/2026\/03\/LOGO-AL-KARAMA-3.png\",\"width\":2000,\"height\":2000,\"caption\":\"Tudert\"},\"image\":{\"@id\":\"https:\/\/tudert.store\/#\/schema\/logo\/image\/\"}}]}<\/script>\n<!-- \/ Yoast SEO plugin. -->","yoast_head_json":{"title":"About - Tudert","robots":{"index":"index","follow":"follow","max-snippet":"max-snippet:-1","max-image-preview":"max-image-preview:large","max-video-preview":"max-video-preview:-1"},"canonical":"https:\/\/tudert.store\/?page_id=9","og_locale":"fr_FR","og_type":"article","og_title":"About - Tudert","og_description":"\u00c0 propos Notre histoire Tudert est n\u00e9e de la passion pour la valorisation des produits naturels du terroir marocain. Fond\u00e9e dans la r\u00e9gion du Souss, notre coop\u00e9rative s&rsquo;engage \u00e0 pr\u00e9server l&rsquo;h\u00e9ritage agricole et culturel de notre r\u00e9gion. Depuis nos d\u00e9buts, nous travaillons en \u00e9troite collaboration avec les producteurs locaux, les agriculteurs et les artisans pour [&hellip;]","og_url":"https:\/\/tudert.store\/?page_id=9","og_site_name":"Tudert","article_modified_time":"2026-03-31T08:23:30+00:00","og_image":[{"url":"https:\/\/tudert.store\/wp-content\/uploads\/2026\/03\/ChatGPT-Image-Mar-29-2026-02_14_11-AM.png","type":"","width":"","height":""}],"twitter_card":"summary_large_image","twitter_misc":{"Dur\u00e9e de lecture estim\u00e9e":"5 minutes"},"schema":{"@context":"https:\/\/schema.org","@graph":[{"@type":"WebPage","@id":"https:\/\/tudert.store\/?page_id=9","url":"https:\/\/tudert.store\/?page_id=9","name":"About - Tudert","isPartOf":{"@id":"https:\/\/tudert.store\/#website"},"primaryImageOfPage":{"@id":"https:\/\/tudert.store\/?page_id=9#primaryimage"},"image":{"@id":"https:\/\/tudert.store\/?page_id=9#primaryimage"},"thumbnailUrl":"https:\/\/tudert.store\/wp-content\/uploads\/2026\/03\/ChatGPT-Image-Mar-29-2026-02_14_11-AM.png","datePublished":"2026-03-28T18:48:32+00:00","dateModified":"2026-03-31T08:23:30+00:00","breadcrumb":{"@id":"https:\/\/tudert.store\/?page_id=9#breadcrumb"},"inLanguage":"fr-FR","potentialAction":[{"@type":"ReadAction","target":["https:\/\/tudert.store\/?page_id=9"]}]},{"@type":"ImageObject","inLanguage":"fr-FR","@id":"https:\/\/tudert.store\/?page_id=9#primaryimage","url":"https:\/\/tudert.store\/wp-content\/uploads\/2026\/03\/ChatGPT-Image-Mar-29-2026-02_14_11-AM.png","contentUrl":"https:\/\/tudert.store\/wp-content\/uploads\/2026\/03\/ChatGPT-Image-Mar-29-2026-02_14_11-AM.png","width":1536,"height":1024,"caption":"chatgpt image mar 29, 2026, 02 14 11 am"},{"@type":"BreadcrumbList","@id":"https:\/\/tudert.store\/?page_id=9#breadcrumb","itemListElement":[{"@type":"ListItem","position":1,"name":"Accueil","item":"https:\/\/tudert.store\/"},{"@type":"ListItem","position":2,"name":"About"}]},{"@type":"WebSite","@id":"https:\/\/tudert.store\/#website","url":"https:\/\/tudert.store\/","name":"Tudert","description":"","publisher":{"@id":"https:\/\/tudert.store\/#organization"},"potentialAction":[{"@type":"SearchAction","target":{"@type":"EntryPoint","urlTemplate":"https:\/\/tudert.store\/?s={search_term_string}"},"query-input":{"@type":"PropertyValueSpecification","valueRequired":true,"valueName":"search_term_string"}}],"inLanguage":"fr-FR"},{"@type":"Organization","@id":"https:\/\/tudert.store\/#organization","name":"Tudert","url":"https:\/\/tudert.store\/","logo":{"@type":"ImageObject","inLanguage":"fr-FR","@id":"https:\/\/tudert.store\/#\/schema\/logo\/image\/","url":"https:\/\/tudert.store\/wp-content\/uploads\/2026\/03\/LOGO-AL-KARAMA-3.png","contentUrl":"https:\/\/tudert.store\/wp-content\/uploads\/2026\/03\/LOGO-AL-KARAMA-3.png","width":2000,"height":2000,"caption":"Tudert"},"image":{"@id":"https:\/\/tudert.store\/#\/schema\/logo\/image\/"}}]}},"_hostinger_reach_plugin_has_subscription_block":false,"_hostinger_reach_plugin_is_elementor":false,"_links":{"self":[{"href":"https:\/\/tudert.store\/index.php?rest_route=\/wp\/v2\/pages\/9","targetHints":{"allow":["GET"]}}],"collection":[{"href":"https:\/\/tudert.store\/index.php?rest_route=\/wp\/v2\/pages"}],"about":[{"href":"https:\/\/tudert.store\/index.php?rest_route=\/wp\/v2\/types\/page"}],"author":[{"embeddable":true,"href":"https:\/\/tudert.store\/index.php?rest_route=\/wp\/v2\/users\/1"}],"replies":[{"embeddable":true,"href":"https:\/\/tudert.store\/index.php?rest_route=%2Fwp%2Fv2%2Fcomments&post=9"}],"version-history":[{"count":3,"href":"https:\/\/tudert.store\/index.php?rest_route=\/wp\/v2\/pages\/9\/revisions"}],"predecessor-version":[{"id":2512,"href":"https:\/\/tudert.store\/index.php?rest_route=\/wp\/v2\/pages\/9\/revisions\/2512"}],"wp:attachment":[{"href":"https:\/\/tudert.store\/index.php?rest_route=%2Fwp%2Fv2%2Fmedia&parent=9"}],"curies":[{"name":"wp","href":"https:\/\/api.w.org\/{rel}","templated":true}]}}